{"id":1734,"date":"2024-08-18T08:36:48","date_gmt":"2024-08-18T08:36:48","guid":{"rendered":"https:\/\/mrsalts.com\/panier\/"},"modified":"2024-08-19T11:10:17","modified_gmt":"2024-08-19T11:10:17","slug":"panier","status":"publish","type":"page","link":"https:\/\/mrsalts.com\/fr\/panier\/","title":{"rendered":"Chariot"},"content":{"rendered":"\n<div data-block-name=\"woocommerce\/cart\" class=\"wp-block-woocommerce-cart alignwide is-loading\">\n<div data-block-name=\"woocommerce\/filled-cart-block\" class=\"wp-block-woocommerce-filled-cart-block\">\n<div data-block-name=\"woocommerce\/cart-items-block\" class=\"wp-block-woocommerce-cart-items-block\">\n<div data-block-name=\"woocommerce\/cart-line-items-block\" class=\"wp-block-woocommerce-cart-line-items-block\"><\/div>\n\n\n\n<div data-block-name=\"woocommerce\/cart-cross-sells-block\" class=\"wp-block-woocommerce-cart-cross-sells-block\">\n<h2 class=\"wp-block-heading has-large-font-size\">Vous pourriez \u00eatre int\u00e9ress\u00e9 par&#8230;<\/h2>\n\n\n\n<div data-block-name=\"woocommerce\/cart-cross-sells-products-block\" class=\"wp-block-woocommerce-cart-cross-sells-products-block\"><\/div>\n<\/div>\n<\/div>\n\n\n\n<div data-block-name=\"woocommerce\/cart-totals-block\" class=\"wp-block-woocommerce-cart-totals-block\">\n<div data-block-name=\"woocommerce\/cart-order-summary-block\" class=\"wp-block-woocommerce-cart-order-summary-block\">\n<div data-block-name=\"woocommerce\/cart-order-summary-heading-block\" class=\"wp-block-woocommerce-cart-order-summary-heading-block\"><\/div><div data-block-name=\"woocommerce\/cart-order-summary-coupon-form-block\" class=\"wp-block-woocommerce-cart-order-summary-coupon-form-block\"><\/div><div data-block-name=\"woocommerce\/cart-order-summary-totals-block\" class=\"wp-block-woocommerce-cart-order-summary-totals-block\">\n<div data-block-name=\"woocommerce\/cart-order-summary-subtotal-block\" class=\"wp-block-woocommerce-cart-order-summary-subtotal-block\"><\/div>\n<div data-block-name=\"woocommerce\/cart-order-summary-discount-block\" class=\"wp-block-woocommerce-cart-order-summary-discount-block\"><\/div>\n<div data-block-name=\"woocommerce\/cart-order-summary-fee-block\" class=\"wp-block-woocommerce-cart-order-summary-fee-block\"><\/div>\n<div data-block-name=\"woocommerce\/cart-order-summary-shipping-block\" class=\"wp-block-woocommerce-cart-order-summary-shipping-block\"><\/div>\n<div data-block-name=\"woocommerce\/cart-order-summary-taxes-block\" class=\"wp-block-woocommerce-cart-order-summary-taxes-block\"><\/div><\/div>\n<\/div>\n\n\n\n<div data-block-name=\"woocommerce\/cart-express-payment-block\" class=\"wp-block-woocommerce-cart-express-payment-block\"><\/div>\n\n\n\n<div data-block-name=\"woocommerce\/proceed-to-checkout-block\" class=\"wp-block-woocommerce-proceed-to-checkout-block\"><\/div>\n\n\n\n<div data-block-name=\"woocommerce\/cart-accepted-payment-methods-block\" class=\"wp-block-woocommerce-cart-accepted-payment-methods-block\"><\/div>\n<\/div>\n<\/div>\n\n\n\n<div data-block-name=\"woocommerce\/empty-cart-block\" class=\"wp-block-woocommerce-empty-cart-block\">\n<h2 class=\"wp-block-heading has-text-align-center with-empty-cart-icon wc-block-cart__empty-cart__title\">Votre panier est actuellement vide !<\/h2>\n\n\n\n<hr class=\"wp-block-separator has-alpha-channel-opacity is-style-dots\"\/>\n\n\n\n<h2 class=\"wp-block-heading has-text-align-center\">Nouveau en magasin<\/h2>\n\n\n<div data-block-name=\"woocommerce\/product-new\" data-columns=\"4\" data-rows=\"1\" class=\"wc-block-grid wp-block-product-new wp-block-woocommerce-product-new wc-block-product-new has-4-columns\"><ul class=\"wc-block-grid__products\"><li class=\"wc-block-grid__product\">\n\t\t\t\t<a href=\"https:\/\/mrsalts.com\/fr\/product\/sel-de-table-iode-maman-25kg-iode-30-70-ppm\/\" class=\"wc-block-grid__product-link\">\n\t\t\t\t\t\n\t\t\t\t\t<div class=\"wc-block-grid__product-image\"><img fetchpriority=\"high\" decoding=\"async\" width=\"300\" height=\"300\" src=\"https:\/\/mrsalts.com\/wp-content\/uploads\/2026\/04\/Maman-MOCKUP-without-background-1-300x300.png\" class=\"attachment-woocommerce_thumbnail size-woocommerce_thumbnail\" alt=\"Maman 25kg Iodized Table Salt | 30-70 PPM Iodine | Refined Sea Salt Food Grade sel de table\" srcset=\"https:\/\/mrsalts.com\/wp-content\/uploads\/2026\/04\/Maman-MOCKUP-without-background-1-300x300.png 300w, https:\/\/mrsalts.com\/wp-content\/uploads\/2026\/04\/Maman-MOCKUP-without-background-1-1024x1024.png 1024w, https:\/\/mrsalts.com\/wp-content\/uploads\/2026\/04\/Maman-MOCKUP-without-background-1-150x150.png 150w, https:\/\/mrsalts.com\/wp-content\/uploads\/2026\/04\/Maman-MOCKUP-without-background-1-768x768.png 768w, https:\/\/mrsalts.com\/wp-content\/uploads\/2026\/04\/Maman-MOCKUP-without-background-1-1536x1536.png 1536w, https:\/\/mrsalts.com\/wp-content\/uploads\/2026\/04\/Maman-MOCKUP-without-background-1-700x700.png 700w, https:\/\/mrsalts.com\/wp-content\/uploads\/2026\/04\/Maman-MOCKUP-without-background-1-80x80.png 80w, https:\/\/mrsalts.com\/wp-content\/uploads\/2026\/04\/Maman-MOCKUP-without-background-1-600x600.png 600w, https:\/\/mrsalts.com\/wp-content\/uploads\/2026\/04\/Maman-MOCKUP-without-background-1-100x100.png 100w, https:\/\/mrsalts.com\/wp-content\/uploads\/2026\/04\/Maman-MOCKUP-without-background-1.png 2000w\" sizes=\"(max-width: 300px) 100vw, 300px\" title=\"\"><\/div>\n\t\t\t\t\t<div class=\"wc-block-grid__product-title\">Sel de Table Iod\u00e9 Maman 25kg | Iode 30-70 PPM | Sel de Mer Raffin\u00e9 de Qualit\u00e9 Alimentaire<\/div>\n\t\t\t\t<\/a>\n\t\t\t\t<div class=\"wc-block-grid__product-price price\"><span class=\"woocommerce-Price-amount amount\"><bdi><span class=\"woocommerce-Price-currencySymbol\">&#036;<\/span>60.0<\/bdi><\/span><span class=\"awspn_price_note\">&nbsp;\/&nbsp;FOB<\/span><\/div>\n\t\t\t\t\n\t\t\t\t<div class=\"wp-block-button wc-block-grid__product-add-to-cart\"><a href=\"\/fr\/wp-json\/wp\/v2\/pages\/1734?add-to-cart=10834\" aria-label=\"Ajouter au panier\u00a0: &ldquo;Sel de Table Iod\u00e9 Maman 25kg | Iode 30-70 PPM | Sel de Mer Raffin\u00e9 de Qualit\u00e9 Alimentaire&rdquo;\" data-quantity=\"1\" data-product_id=\"10834\" data-product_sku=\"MRSALTS-62\" data-price=\"60\" rel=\"nofollow\" class=\"wp-block-button__link  add_to_cart_button ajax_add_to_cart\">Add to Cart<\/a><\/div>\n\t\t\t<\/li><li class=\"wc-block-grid__product\">\n\t\t\t\t<a href=\"https:\/\/mrsalts.com\/fr\/product\/sel-de-table-rapha-sac-de-25-kg-sel-iode\/\" class=\"wc-block-grid__product-link\">\n\t\t\t\t\t\n\t\t\t\t\t<div class=\"wc-block-grid__product-image\"><img decoding=\"async\" width=\"300\" height=\"300\" src=\"https:\/\/mrsalts.com\/wp-content\/uploads\/2026\/04\/Rapha-Salt-25kg-copy-300x300.png\" class=\"attachment-woocommerce_thumbnail size-woocommerce_thumbnail\" alt=\"Brand RAPHA Table Salt | 25kg Bag | Fine Iodized Salt for Kitchen &amp; Food Industry sel de table\" srcset=\"https:\/\/mrsalts.com\/wp-content\/uploads\/2026\/04\/Rapha-Salt-25kg-copy-300x300.png 300w, https:\/\/mrsalts.com\/wp-content\/uploads\/2026\/04\/Rapha-Salt-25kg-copy-1024x1024.png 1024w, https:\/\/mrsalts.com\/wp-content\/uploads\/2026\/04\/Rapha-Salt-25kg-copy-150x150.png 150w, https:\/\/mrsalts.com\/wp-content\/uploads\/2026\/04\/Rapha-Salt-25kg-copy-768x768.png 768w, https:\/\/mrsalts.com\/wp-content\/uploads\/2026\/04\/Rapha-Salt-25kg-copy-1536x1536.png 1536w, https:\/\/mrsalts.com\/wp-content\/uploads\/2026\/04\/Rapha-Salt-25kg-copy-700x700.png 700w, https:\/\/mrsalts.com\/wp-content\/uploads\/2026\/04\/Rapha-Salt-25kg-copy-600x600.png 600w, https:\/\/mrsalts.com\/wp-content\/uploads\/2026\/04\/Rapha-Salt-25kg-copy-100x100.png 100w, https:\/\/mrsalts.com\/wp-content\/uploads\/2026\/04\/Rapha-Salt-25kg-copy.png 2000w\" sizes=\"(max-width: 300px) 100vw, 300px\" title=\"\"><\/div>\n\t\t\t\t\t<div class=\"wc-block-grid__product-title\">Sel de table RAPHA | Sac de 25 kg | Sel iod\u00e9 fin pour la cuisine et l&rsquo;industrie alimentaire<\/div>\n\t\t\t\t<\/a>\n\t\t\t\t<div class=\"wc-block-grid__product-price price\"><span class=\"woocommerce-Price-amount amount\"><bdi><span class=\"woocommerce-Price-currencySymbol\">&#036;<\/span>60.0<\/bdi><\/span><span class=\"awspn_price_note\">&nbsp;\/&nbsp;FOB<\/span><\/div>\n\t\t\t\t\n\t\t\t\t<div class=\"wp-block-button wc-block-grid__product-add-to-cart\"><a href=\"\/fr\/wp-json\/wp\/v2\/pages\/1734?add-to-cart=10579\" aria-label=\"Ajouter au panier\u00a0: &ldquo;Sel de table RAPHA | Sac de 25 kg | Sel iod\u00e9 fin pour la cuisine et l&#039;industrie alimentaire&rdquo;\" data-quantity=\"1\" data-product_id=\"10579\" data-product_sku=\"MRSALTS-61\" data-price=\"60\" rel=\"nofollow\" class=\"wp-block-button__link  add_to_cart_button ajax_add_to_cart\">Add to Cart<\/a><\/div>\n\t\t\t<\/li><li class=\"wc-block-grid__product\">\n\t\t\t\t<a href=\"https:\/\/mrsalts.com\/fr\/product\/ikon-premium-egypte-sel-pour-piscine\/\" class=\"wc-block-grid__product-link\">\n\t\t\t\t\t<div class=\"wc-block-grid__product-onsale\">\n\t\t\t<span aria-hidden=\"true\">Promo<\/span>\n\t\t\t<span class=\"screen-reader-text\">Produit en promotion<\/span>\n\t\t<\/div>\n\t\t\t\t\t<div class=\"wc-block-grid__product-image\"><img decoding=\"async\" width=\"300\" height=\"300\" src=\"https:\/\/mrsalts.com\/wp-content\/uploads\/2026\/03\/ikon-mockup-300x300.png\" class=\"attachment-woocommerce_thumbnail size-woocommerce_thumbnail\" alt=\"Sel pour piscine\" srcset=\"https:\/\/mrsalts.com\/wp-content\/uploads\/2026\/03\/ikon-mockup-300x300.png 300w, https:\/\/mrsalts.com\/wp-content\/uploads\/2026\/03\/ikon-mockup-1024x1024.png 1024w, https:\/\/mrsalts.com\/wp-content\/uploads\/2026\/03\/ikon-mockup-150x150.png 150w, https:\/\/mrsalts.com\/wp-content\/uploads\/2026\/03\/ikon-mockup-768x768.png 768w, https:\/\/mrsalts.com\/wp-content\/uploads\/2026\/03\/ikon-mockup-1536x1536.png 1536w, https:\/\/mrsalts.com\/wp-content\/uploads\/2026\/03\/ikon-mockup-700x700.png 700w, https:\/\/mrsalts.com\/wp-content\/uploads\/2026\/03\/ikon-mockup-600x600.png 600w, https:\/\/mrsalts.com\/wp-content\/uploads\/2026\/03\/ikon-mockup-100x100.png 100w, https:\/\/mrsalts.com\/wp-content\/uploads\/2026\/03\/ikon-mockup.png 2000w\" sizes=\"(max-width: 300px) 100vw, 300px\" title=\"\"><\/div>\n\t\t\t\t\t<div class=\"wc-block-grid__product-title\">Sel pour piscine \u00e9gyptien IKON Premium pour un traitement efficace de l&rsquo;eau, adoucissant, granulom\u00e9trie fine 0,2 &#8211; 1,2 mm | ISO 9001, HACCP et FDA<\/div>\n\t\t\t\t<\/a>\n\t\t\t\t<div class=\"wc-block-grid__product-price price\"><del aria-hidden=\"true\"><span class=\"woocommerce-Price-amount amount\"><bdi><span class=\"woocommerce-Price-currencySymbol\">&#036;<\/span>95.3<\/bdi><\/span><\/del> <span class=\"screen-reader-text\">Le prix initial \u00e9tait\u00a0: &#036;95.3.<\/span><ins aria-hidden=\"true\"><span class=\"woocommerce-Price-amount amount\"><bdi><span class=\"woocommerce-Price-currencySymbol\">&#036;<\/span>88.4<\/bdi><\/span><\/ins><span class=\"screen-reader-text\">Le prix actuel est\u00a0: &#036;88.4.<\/span><span class=\"awspn_price_note\">&nbsp;\/&nbsp;FOB<\/span><\/div>\n\t\t\t\t\n\t\t\t\t<div class=\"wp-block-button wc-block-grid__product-add-to-cart\"><a href=\"\/fr\/wp-json\/wp\/v2\/pages\/1734?add-to-cart=10396\" aria-label=\"Ajouter au panier\u00a0: &ldquo;Sel pour piscine \u00e9gyptien IKON Premium pour un traitement efficace de l&#039;eau, adoucissant, granulom\u00e9trie fine 0,2 - 1,2 mm | ISO 9001, HACCP et FDA&rdquo;\" data-quantity=\"1\" data-product_id=\"10396\" data-product_sku=\"MRSALTS-060\" data-price=\"88.43\" rel=\"nofollow\" class=\"wp-block-button__link  add_to_cart_button ajax_add_to_cart\">Add to Cart<\/a><\/div>\n\t\t\t<\/li><li class=\"wc-block-grid__product\">\n\t\t\t\t<a href=\"https:\/\/mrsalts.com\/fr\/product\/sel-de-table-iode-sinai-sel-25-kg-qualite\/\" class=\"wc-block-grid__product-link\">\n\t\t\t\t\t<div class=\"wc-block-grid__product-onsale\">\n\t\t\t<span aria-hidden=\"true\">Promo<\/span>\n\t\t\t<span class=\"screen-reader-text\">Produit en promotion<\/span>\n\t\t<\/div>\n\t\t\t\t\t<div class=\"wc-block-grid__product-image\"><img loading=\"lazy\" decoding=\"async\" width=\"300\" height=\"300\" src=\"https:\/\/mrsalts.com\/wp-content\/uploads\/2026\/03\/Sinai-sel-25kg-Mockup-copy-300x300.png\" class=\"attachment-woocommerce_thumbnail size-woocommerce_thumbnail\" alt=\"Sinai Sel Iodized Table Salt Sel de table iod\u00e9 Sinai Sel, sac de 25 kg P.P. - Sel blanc\" srcset=\"https:\/\/mrsalts.com\/wp-content\/uploads\/2026\/03\/Sinai-sel-25kg-Mockup-copy-300x300.png 300w, https:\/\/mrsalts.com\/wp-content\/uploads\/2026\/03\/Sinai-sel-25kg-Mockup-copy-1024x1024.png 1024w, https:\/\/mrsalts.com\/wp-content\/uploads\/2026\/03\/Sinai-sel-25kg-Mockup-copy-150x150.png 150w, https:\/\/mrsalts.com\/wp-content\/uploads\/2026\/03\/Sinai-sel-25kg-Mockup-copy-768x768.png 768w, https:\/\/mrsalts.com\/wp-content\/uploads\/2026\/03\/Sinai-sel-25kg-Mockup-copy-1536x1536.png 1536w, https:\/\/mrsalts.com\/wp-content\/uploads\/2026\/03\/Sinai-sel-25kg-Mockup-copy-700x700.png 700w, https:\/\/mrsalts.com\/wp-content\/uploads\/2026\/03\/Sinai-sel-25kg-Mockup-copy-600x600.png 600w, https:\/\/mrsalts.com\/wp-content\/uploads\/2026\/03\/Sinai-sel-25kg-Mockup-copy-100x100.png 100w, https:\/\/mrsalts.com\/wp-content\/uploads\/2026\/03\/Sinai-sel-25kg-Mockup-copy.png 2000w\" sizes=\"(max-width: 300px) 100vw, 300px\" title=\"\"><\/div>\n\t\t\t\t\t<div class=\"wc-block-grid__product-title\">Sel de table iod\u00e9 Sinai Sel | 25 kg, qualit\u00e9 alimentaire | Sel raffin\u00e9 \u00e0 haute teneur en iode (30-70 ppm)<\/div>\n\t\t\t\t<\/a>\n\t\t\t\t<div class=\"wc-block-grid__product-price price\"><del aria-hidden=\"true\"><span class=\"woocommerce-Price-amount amount\"><bdi><span class=\"woocommerce-Price-currencySymbol\">&#036;<\/span>61.7<\/bdi><\/span><\/del> <span class=\"screen-reader-text\">Le prix initial \u00e9tait\u00a0: &#036;61.7.<\/span><ins aria-hidden=\"true\"><span class=\"woocommerce-Price-amount amount\"><bdi><span class=\"woocommerce-Price-currencySymbol\">&#036;<\/span>60.0<\/bdi><\/span><\/ins><span class=\"screen-reader-text\">Le prix actuel est\u00a0: &#036;60.0.<\/span><span class=\"awspn_price_note\">&nbsp;\/&nbsp;FOB<\/span><\/div>\n\t\t\t\t\n\t\t\t\t<div class=\"wp-block-button wc-block-grid__product-add-to-cart\"><a href=\"\/fr\/wp-json\/wp\/v2\/pages\/1734?add-to-cart=10326\" aria-label=\"Ajouter au panier\u00a0: &ldquo;Sel de table iod\u00e9 Sinai Sel | 25 kg, qualit\u00e9 alimentaire | Sel raffin\u00e9 \u00e0 haute teneur en iode (30-70 ppm)&rdquo;\" data-quantity=\"1\" data-product_id=\"10326\" data-product_sku=\"MRSALTS-59\" data-price=\"60\" rel=\"nofollow\" class=\"wp-block-button__link  add_to_cart_button ajax_add_to_cart\">Add to Cart<\/a><\/div>\n\t\t\t<\/li><\/ul><\/div><\/div>\n<\/div>\n","protected":false},"excerpt":{"rendered":"","protected":false},"author":1,"featured_media":0,"parent":0,"menu_order":0,"comment_status":"closed","ping_status":"closed","template":"","meta":{"neve_meta_sidebar":"","neve_meta_container":"","neve_meta_enable_content_width":"","neve_meta_content_width":0,"neve_meta_title_alignment":"","neve_meta_author_avatar":"","neve_post_elements_order":"","neve_meta_disable_header":"","neve_meta_disable_footer":"","neve_meta_disable_title":"","footnotes":""},"class_list":["post-1734","page","type-page","status-publish","hentry"],"_links":{"self":[{"href":"https:\/\/mrsalts.com\/fr\/wp-json\/wp\/v2\/pages\/1734","targetHints":{"allow":["GET"]}}],"collection":[{"href":"https:\/\/mrsalts.com\/fr\/wp-json\/wp\/v2\/pages"}],"about":[{"href":"https:\/\/mrsalts.com\/fr\/wp-json\/wp\/v2\/types\/page"}],"author":[{"embeddable":true,"href":"https:\/\/mrsalts.com\/fr\/wp-json\/wp\/v2\/users\/1"}],"replies":[{"embeddable":true,"href":"https:\/\/mrsalts.com\/fr\/wp-json\/wp\/v2\/comments?post=1734"}],"version-history":[{"count":2,"href":"https:\/\/mrsalts.com\/fr\/wp-json\/wp\/v2\/pages\/1734\/revisions"}],"predecessor-version":[{"id":2331,"href":"https:\/\/mrsalts.com\/fr\/wp-json\/wp\/v2\/pages\/1734\/revisions\/2331"}],"wp:attachment":[{"href":"https:\/\/mrsalts.com\/fr\/wp-json\/wp\/v2\/media?parent=1734"}],"curies":[{"name":"wp","href":"https:\/\/api.w.org\/{rel}","templated":true}]}}