{"id":2400,"date":"2023-11-28T09:06:10","date_gmt":"2023-11-28T09:06:10","guid":{"rendered":"https:\/\/mrsalts.com\/logistique\/"},"modified":"2026-02-05T12:04:37","modified_gmt":"2026-02-05T12:04:37","slug":"logistique","status":"publish","type":"page","link":"https:\/\/mrsalts.com\/fr\/logistique\/","title":{"rendered":"Logistique"},"content":{"rendered":"<style>.elementor-2400 .elementor-element.elementor-element-bcd5434{--display:flex;}.elementor-2400 .elementor-element.elementor-element-1a133c7{text-align:center;}.elementor-2400 .elementor-element.elementor-element-1a133c7 img{filter:brightness( 35% ) contrast( 100% ) saturate( 100% ) blur( 0px ) hue-rotate( 0deg );}.elementor-2400 .elementor-element.elementor-element-1a133c7 .widget-image-caption{text-align:center;color:#FFFFFF;font-family:\"Advent Pro\", Sans-serif;font-size:5rem;}.elementor-2400 .elementor-element.elementor-element-2f2f68d{--display:flex;}.elementor-2400 .elementor-element.elementor-element-be01000 .elementor-image-box-wrapper{text-align:start;}.elementor-2400 .elementor-element.elementor-element-be01000.elementor-position-right .elementor-image-box-img{margin-left:15px;}.elementor-2400 .elementor-element.elementor-element-be01000.elementor-position-left .elementor-image-box-img{margin-right:15px;}.elementor-2400 .elementor-element.elementor-element-be01000.elementor-position-top .elementor-image-box-img{margin-bottom:15px;}.elementor-2400 .elementor-element.elementor-element-be01000 .elementor-image-box-wrapper .elementor-image-box-img{width:30%;}.elementor-2400 .elementor-element.elementor-element-be01000 .elementor-image-box-img img{transition-duration:0.3s;}.elementor-2400 .elementor-element.elementor-element-be01000 .elementor-image-box-title{-webkit-text-stroke-color:#000;stroke:#000;}.elementor-2400 .elementor-element.elementor-element-740e18a{--display:flex;}.elementor-2400 .elementor-element.elementor-element-6532f31 .elementor-image-box-wrapper{text-align:end;}.elementor-2400 .elementor-element.elementor-element-6532f31.elementor-position-right .elementor-image-box-img{margin-left:15px;}.elementor-2400 .elementor-element.elementor-element-6532f31.elementor-position-left .elementor-image-box-img{margin-right:15px;}.elementor-2400 .elementor-element.elementor-element-6532f31.elementor-position-top .elementor-image-box-img{margin-bottom:15px;}.elementor-2400 .elementor-element.elementor-element-6532f31 .elementor-image-box-wrapper .elementor-image-box-img{width:30%;}.elementor-2400 .elementor-element.elementor-element-6532f31 .elementor-image-box-img img{transition-duration:0.3s;}.elementor-2400 .elementor-element.elementor-element-bd887d3{--display:flex;}.elementor-2400 .elementor-element.elementor-element-bacbc0d .elementor-image-box-wrapper{text-align:start;}.elementor-2400 .elementor-element.elementor-element-bacbc0d.elementor-position-right .elementor-image-box-img{margin-left:15px;}.elementor-2400 .elementor-element.elementor-element-bacbc0d.elementor-position-left .elementor-image-box-img{margin-right:15px;}.elementor-2400 .elementor-element.elementor-element-bacbc0d.elementor-position-top .elementor-image-box-img{margin-bottom:15px;}.elementor-2400 .elementor-element.elementor-element-bacbc0d .elementor-image-box-wrapper .elementor-image-box-img{width:30%;}.elementor-2400 .elementor-element.elementor-element-bacbc0d .elementor-image-box-img img{transition-duration:0.3s;}.elementor-2400 .elementor-element.elementor-element-36947fa{--display:flex;}.elementor-2400 .elementor-element.elementor-element-4ebbfdf .elementor-image-box-wrapper{text-align:end;}.elementor-2400 .elementor-element.elementor-element-4ebbfdf.elementor-position-right .elementor-image-box-img{margin-left:15px;}.elementor-2400 .elementor-element.elementor-element-4ebbfdf.elementor-position-left .elementor-image-box-img{margin-right:15px;}.elementor-2400 .elementor-element.elementor-element-4ebbfdf.elementor-position-top .elementor-image-box-img{margin-bottom:15px;}.elementor-2400 .elementor-element.elementor-element-4ebbfdf .elementor-image-box-wrapper .elementor-image-box-img{width:30%;}.elementor-2400 .elementor-element.elementor-element-4ebbfdf .elementor-image-box-img img{transition-duration:0.3s;}@media(min-width:768px){.elementor-2400 .elementor-element.elementor-element-2f2f68d{--content-width:75%;}.elementor-2400 .elementor-element.elementor-element-740e18a{--content-width:75%;}.elementor-2400 .elementor-element.elementor-element-bd887d3{--content-width:75%;}.elementor-2400 .elementor-element.elementor-element-36947fa{--content-width:75%;}}@media(max-width:1024px){.elementor-2400 .elementor-element.elementor-element-1a133c7 .widget-image-caption{font-size:5rem;}}@media(max-width:767px){.elementor-2400 .elementor-element.elementor-element-1a133c7 .widget-image-caption{font-size:2rem;}.elementor-2400 .elementor-element.elementor-element-be01000 .elementor-image-box-wrapper{text-align:start;}.elementor-2400 .elementor-element.elementor-element-be01000 .elementor-image-box-img{margin-bottom:15px;}.elementor-2400 .elementor-element.elementor-element-6532f31 .elementor-image-box-img{margin-bottom:15px;}.elementor-2400 .elementor-element.elementor-element-bacbc0d .elementor-image-box-img{margin-bottom:15px;}.elementor-2400 .elementor-element.elementor-element-4ebbfdf .elementor-image-box-img{margin-bottom:15px;}}<\/style>\t\t<div data-elementor-type=\"wp-page\" data-elementor-id=\"2400\" class=\"elementor elementor-2400\" data-elementor-settings=\"{&quot;ha_cmc_init_switcher&quot;:&quot;no&quot;}\" data-elementor-post-type=\"page\">\n\t\t\t\t<div class=\"elementor-element elementor-element-bcd5434 e-con-full e-flex e-con e-parent\" data-id=\"bcd5434\" data-element_type=\"container\" data-e-type=\"container\" data-settings=\"{&quot;_ha_eqh_enable&quot;:false}\">\n\t\t\t\t<div class=\"elementor-element elementor-element-1a133c7 textOverImage elementor-widget elementor-widget-image\" data-id=\"1a133c7\" data-element_type=\"widget\" data-e-type=\"widget\" data-widget_type=\"image.default\">\n\t\t\t\t<div class=\"elementor-widget-container\">\n\t\t\t\t\t\t\t\t\t\t\t\t<figure class=\"wp-caption\">\n\t\t\t\t\t\t\t\t\t\t<img fetchpriority=\"high\" decoding=\"async\" width=\"2560\" height=\"660\" src=\"https:\/\/mrsalts.com\/wp-content\/uploads\/2023\/11\/Logistics-Banner.webp\" class=\"attachment-full size-full wp-image-197\" alt=\"salt extraction from Egypt sea salt\" srcset=\"https:\/\/mrsalts.com\/wp-content\/uploads\/2023\/11\/Logistics-Banner.webp 2560w, https:\/\/mrsalts.com\/wp-content\/uploads\/2023\/11\/Logistics-Banner-300x77.webp 300w, https:\/\/mrsalts.com\/wp-content\/uploads\/2023\/11\/Logistics-Banner-1024x264.webp 1024w, https:\/\/mrsalts.com\/wp-content\/uploads\/2023\/11\/Logistics-Banner-768x198.webp 768w, https:\/\/mrsalts.com\/wp-content\/uploads\/2023\/11\/Logistics-Banner-1536x396.webp 1536w, https:\/\/mrsalts.com\/wp-content\/uploads\/2023\/11\/Logistics-Banner-2048x528.webp 2048w, https:\/\/mrsalts.com\/wp-content\/uploads\/2023\/11\/Logistics-Banner-600x155.webp 600w\" sizes=\"(max-width: 2560px) 100vw, 2560px\" title=\"\">\t\t\t\t\t\t\t\t\t\t\t<figcaption class=\"widget-image-caption wp-caption-text\">Processus logistique<\/figcaption>\n\t\t\t\t\t\t\t\t\t\t<\/figure>\n\t\t\t\t\t\t\t\t\t<\/div>\n\t\t\t\t<\/div>\n\t\t\t\t<\/div>\n\t\t<div class=\"elementor-element elementor-element-2f2f68d e-flex e-con-boxed e-con e-parent\" data-id=\"2f2f68d\" data-element_type=\"container\" data-e-type=\"container\" data-settings=\"{&quot;_ha_eqh_enable&quot;:false}\">\n\t\t\t\t\t<div class=\"e-con-inner\">\n\t\t\t\t<div class=\"elementor-element elementor-element-be01000 elementor-position-left elementor-vertical-align-middle elementor-widget elementor-widget-image-box\" data-id=\"be01000\" data-element_type=\"widget\" data-e-type=\"widget\" data-widget_type=\"image-box.default\">\n\t\t\t\t<div class=\"elementor-widget-container\">\n\t\t\t\t\t<div class=\"elementor-image-box-wrapper\"><figure class=\"elementor-image-box-img\"><img decoding=\"async\" width=\"1218\" height=\"1218\" src=\"https:\/\/mrsalts.com\/wp-content\/uploads\/2024\/01\/Logistics-1.1.webp\" class=\"attachment-full size-full wp-image-956\" alt=\"salt extraction sea salt Egyptian product\" srcset=\"https:\/\/mrsalts.com\/wp-content\/uploads\/2024\/01\/Logistics-1.1.webp 1218w, https:\/\/mrsalts.com\/wp-content\/uploads\/2024\/01\/Logistics-1.1-300x300.webp 300w, https:\/\/mrsalts.com\/wp-content\/uploads\/2024\/01\/Logistics-1.1-1024x1024.webp 1024w, https:\/\/mrsalts.com\/wp-content\/uploads\/2024\/01\/Logistics-1.1-150x150.webp 150w, https:\/\/mrsalts.com\/wp-content\/uploads\/2024\/01\/Logistics-1.1-768x768.webp 768w, https:\/\/mrsalts.com\/wp-content\/uploads\/2024\/01\/Logistics-1.1-600x600.webp 600w, https:\/\/mrsalts.com\/wp-content\/uploads\/2024\/01\/Logistics-1.1-100x100.webp 100w\" sizes=\"(max-width: 1218px) 100vw, 1218px\" title=\"\"><\/figure><div class=\"elementor-image-box-content\"><h3 class=\"elementor-image-box-title\">Processus d'extraction<\/h3><p class=\"elementor-image-box-description\">Le sel, l'un des assaisonnements les plus anciens au monde, est utilis\u00e9 par tous les habitants de la plan\u00e8te.\nNous sommes heureux d'extraire l'incroyable et authentique sel \u00e9gyptien du Sina\u00ef, de Siwa, du lac Quaroun et de Port Fouad.\nLa mati\u00e8re premi\u00e8re est transport\u00e9e jusqu'\u00e0 notre propre usine dans le Sina\u00ef et passe par des processus de production certifi\u00e9s ISO et Halal.  <\/p><\/div><\/div>\t\t\t\t<\/div>\n\t\t\t\t<\/div>\n\t\t\t\t\t<\/div>\n\t\t\t\t<\/div>\n\t\t<div class=\"elementor-element elementor-element-740e18a e-flex e-con-boxed e-con e-parent\" data-id=\"740e18a\" data-element_type=\"container\" data-e-type=\"container\" data-settings=\"{&quot;_ha_eqh_enable&quot;:false}\">\n\t\t\t\t\t<div class=\"e-con-inner\">\n\t\t\t\t<div class=\"elementor-element elementor-element-6532f31 elementor-position-right elementor-vertical-align-middle elementor-widget elementor-widget-image-box\" data-id=\"6532f31\" data-element_type=\"widget\" data-e-type=\"widget\" data-widget_type=\"image-box.default\">\n\t\t\t\t<div class=\"elementor-widget-container\">\n\t\t\t\t\t<div class=\"elementor-image-box-wrapper\"><figure class=\"elementor-image-box-img\"><img decoding=\"async\" width=\"768\" height=\"768\" src=\"https:\/\/mrsalts.com\/wp-content\/uploads\/2023\/11\/Bath-Salts-shipment.jpg\" class=\"attachment-full size-full wp-image-496\" alt=\"Bath sea salt bath salts sea salt packaging sel de bain pour pieds\" srcset=\"https:\/\/mrsalts.com\/wp-content\/uploads\/2023\/11\/Bath-Salts-shipment.jpg 768w, https:\/\/mrsalts.com\/wp-content\/uploads\/2023\/11\/Bath-Salts-shipment-300x300.jpg 300w, https:\/\/mrsalts.com\/wp-content\/uploads\/2023\/11\/Bath-Salts-shipment-150x150.jpg 150w, https:\/\/mrsalts.com\/wp-content\/uploads\/2023\/11\/Bath-Salts-shipment-600x600.jpg 600w, https:\/\/mrsalts.com\/wp-content\/uploads\/2023\/11\/Bath-Salts-shipment-100x100.jpg 100w\" sizes=\"(max-width: 768px) 100vw, 768px\" title=\"\"><\/figure><div class=\"elementor-image-box-content\"><h3 class=\"elementor-image-box-title\">Traitement<\/h3><p class=\"elementor-image-box-description\">M. Salts poss\u00e8de une usine priv\u00e9e.\nAucune tierce partie n'est impliqu\u00e9e.\nCela signifie que nous pouvons personnaliser les deux cent cinquante tonnes m\u00e9triques de sel blanc sain en fonction des demandes de nos divers clients.\nEn outre, nos clients disposent de diff\u00e9rentes options d'emballage, du sac de 25 kg au paquet de 200 g, et tous les sacs de sel sont marqu\u00e9s \u00e0 la marque du client.   <\/p><\/div><\/div>\t\t\t\t<\/div>\n\t\t\t\t<\/div>\n\t\t\t\t\t<\/div>\n\t\t\t\t<\/div>\n\t\t<div class=\"elementor-element elementor-element-bd887d3 e-flex e-con-boxed e-con e-parent\" data-id=\"bd887d3\" data-element_type=\"container\" data-e-type=\"container\" data-settings=\"{&quot;_ha_eqh_enable&quot;:false}\">\n\t\t\t\t\t<div class=\"e-con-inner\">\n\t\t\t\t<div class=\"elementor-element elementor-element-bacbc0d elementor-position-left elementor-vertical-align-middle elementor-widget elementor-widget-image-box\" data-id=\"bacbc0d\" data-element_type=\"widget\" data-e-type=\"widget\" data-widget_type=\"image-box.default\">\n\t\t\t\t<div class=\"elementor-widget-container\">\n\t\t\t\t\t<div class=\"elementor-image-box-wrapper\"><figure class=\"elementor-image-box-img\"><img loading=\"lazy\" decoding=\"async\" width=\"768\" height=\"768\" src=\"https:\/\/mrsalts.com\/wp-content\/uploads\/2023\/11\/Tablet-5-1.jpg\" class=\"attachment-full size-full wp-image-494\" alt=\"raw salt in jumbo on pallets\" srcset=\"https:\/\/mrsalts.com\/wp-content\/uploads\/2023\/11\/Tablet-5-1.jpg 768w, https:\/\/mrsalts.com\/wp-content\/uploads\/2023\/11\/Tablet-5-1-300x300.jpg 300w, https:\/\/mrsalts.com\/wp-content\/uploads\/2023\/11\/Tablet-5-1-150x150.jpg 150w, https:\/\/mrsalts.com\/wp-content\/uploads\/2023\/11\/Tablet-5-1-600x600.jpg 600w, https:\/\/mrsalts.com\/wp-content\/uploads\/2023\/11\/Tablet-5-1-100x100.jpg 100w\" sizes=\"(max-width: 768px) 100vw, 768px\" title=\"\"><\/figure><div class=\"elementor-image-box-content\"><h3 class=\"elementor-image-box-title\">Emballage<\/h3><p class=\"elementor-image-box-description\">En respectant les m\u00eames exigences r\u00e9glementaires essentielles et en pr\u00eatant attention \u00e0 toutes les r\u00e8gles sanitaires, halal et ISO, nous stockons soigneusement notre production de sel.\nElle passe toutes les proc\u00e9dures et devient un excellent produit pour votre entreprise en trois tailles de cristaux.\nL'ensemble de notre produit final est constamment personnalis\u00e9 en fonction des sp\u00e9cifications de nos clients.\nDe plus, tous nos produits sont emball\u00e9s directement apr\u00e8s leur fabrication afin de garantir qu'ils quittent nos usines frais, emball\u00e9s et pr\u00eats \u00e0 \u00eatre exp\u00e9di\u00e9s pour vous.   <\/p><\/div><\/div>\t\t\t\t<\/div>\n\t\t\t\t<\/div>\n\t\t\t\t\t<\/div>\n\t\t\t\t<\/div>\n\t\t<div class=\"elementor-element elementor-element-36947fa e-flex e-con-boxed e-con e-parent\" data-id=\"36947fa\" data-element_type=\"container\" data-e-type=\"container\" data-settings=\"{&quot;_ha_eqh_enable&quot;:false}\">\n\t\t\t\t\t<div class=\"e-con-inner\">\n\t\t\t\t<div class=\"elementor-element elementor-element-4ebbfdf elementor-position-right elementor-vertical-align-middle elementor-widget elementor-widget-image-box\" data-id=\"4ebbfdf\" data-element_type=\"widget\" data-e-type=\"widget\" data-widget_type=\"image-box.default\">\n\t\t\t\t<div class=\"elementor-widget-container\">\n\t\t\t\t\t<div class=\"elementor-image-box-wrapper\"><figure class=\"elementor-image-box-img\"><img loading=\"lazy\" decoding=\"async\" width=\"1500\" height=\"1500\" src=\"https:\/\/mrsalts.com\/wp-content\/uploads\/2023\/11\/SalRoyal_0000_Untitled.jpg\" class=\"attachment-full size-full wp-image-581\" alt=\"Egyptian product low moq sea salt food salt\" srcset=\"https:\/\/mrsalts.com\/wp-content\/uploads\/2023\/11\/SalRoyal_0000_Untitled.jpg 1500w, https:\/\/mrsalts.com\/wp-content\/uploads\/2023\/11\/SalRoyal_0000_Untitled-300x300.jpg 300w, https:\/\/mrsalts.com\/wp-content\/uploads\/2023\/11\/SalRoyal_0000_Untitled-1024x1024.jpg 1024w, https:\/\/mrsalts.com\/wp-content\/uploads\/2023\/11\/SalRoyal_0000_Untitled-150x150.jpg 150w, https:\/\/mrsalts.com\/wp-content\/uploads\/2023\/11\/SalRoyal_0000_Untitled-768x768.jpg 768w, https:\/\/mrsalts.com\/wp-content\/uploads\/2023\/11\/SalRoyal_0000_Untitled-600x600.jpg 600w, https:\/\/mrsalts.com\/wp-content\/uploads\/2023\/11\/SalRoyal_0000_Untitled-100x100.jpg 100w\" sizes=\"(max-width: 1500px) 100vw, 1500px\" title=\"\"><\/figure><div class=\"elementor-image-box-content\"><h3 class=\"elementor-image-box-title\">Chargement des envois<\/h3><p class=\"elementor-image-box-description\">Ces sacs sont ensuite charg\u00e9s dans vos conteneurs d'exp\u00e9dition en respectant des normes strictes.\nNous souhaitons conserver la qualit\u00e9 du produit tout au long du trajet, c'est pourquoi nos sacs de sel sont lamin\u00e9s et imperm\u00e9ables pour une protection maximale.\nLa capacit\u00e9 d'un conteneur de 20 pieds est de 27,5 tonnes m\u00e9triques, dans lequel vous pouvez transporter 1100 sacs de sel de 25 kg chacun.\nVous avez \u00e9galement la possibilit\u00e9 de faire emballer le sel dans des sacs jumbo de 1000 kg ou de le charger directement dans un vraquier.   <\/p><\/div><\/div>\t\t\t\t<\/div>\n\t\t\t\t<\/div>\n\t\t\t\t\t<\/div>\n\t\t\t\t<\/div>\n\t\t\t\t<\/div>\n\t\t","protected":false},"excerpt":{"rendered":"<p>Processus logistique Processus d&rsquo;extraction Le sel, l&rsquo;un des assaisonnements les plus anciens au monde, est utilis\u00e9 par tous les habitants de la plan\u00e8te. Nous sommes heureux d&rsquo;extraire l&rsquo;incroyable et authentique sel \u00e9gyptien du Sina\u00ef, de Siwa, du lac Quaroun et de Port Fouad. La mati\u00e8re premi\u00e8re est transport\u00e9e jusqu&rsquo;\u00e0 notre propre usine dans le Sina\u00ef&hellip;&nbsp;<a href=\"https:\/\/mrsalts.com\/fr\/logistique\/\" rel=\"bookmark\">Lire la suite &raquo;<span class=\"screen-reader-text\">Logistique<\/span><\/a><\/p>\n","protected":false},"author":1,"featured_media":0,"parent":0,"menu_order":0,"comment_status":"closed","ping_status":"closed","template":"page-templates\/template-pagebuilder-full-width.php","meta":{"neve_meta_sidebar":"","neve_meta_container":"","neve_meta_enable_content_width":"","neve_meta_content_width":0,"neve_meta_title_alignment":"","neve_meta_author_avatar":"","neve_post_elements_order":"","neve_meta_disable_header":"","neve_meta_disable_footer":"","neve_meta_disable_title":"","footnotes":""},"class_list":["post-2400","page","type-page","status-publish","hentry"],"_links":{"self":[{"href":"https:\/\/mrsalts.com\/fr\/wp-json\/wp\/v2\/pages\/2400","targetHints":{"allow":["GET"]}}],"collection":[{"href":"https:\/\/mrsalts.com\/fr\/wp-json\/wp\/v2\/pages"}],"about":[{"href":"https:\/\/mrsalts.com\/fr\/wp-json\/wp\/v2\/types\/page"}],"author":[{"embeddable":true,"href":"https:\/\/mrsalts.com\/fr\/wp-json\/wp\/v2\/users\/1"}],"replies":[{"embeddable":true,"href":"https:\/\/mrsalts.com\/fr\/wp-json\/wp\/v2\/comments?post=2400"}],"version-history":[{"count":25,"href":"https:\/\/mrsalts.com\/fr\/wp-json\/wp\/v2\/pages\/2400\/revisions"}],"predecessor-version":[{"id":9699,"href":"https:\/\/mrsalts.com\/fr\/wp-json\/wp\/v2\/pages\/2400\/revisions\/9699"}],"wp:attachment":[{"href":"https:\/\/mrsalts.com\/fr\/wp-json\/wp\/v2\/media?parent=2400"}],"curies":[{"name":"wp","href":"https:\/\/api.w.org\/{rel}","templated":true}]}}