{"id":2407,"date":"2023-11-28T08:27:57","date_gmt":"2023-11-28T08:27:57","guid":{"rendered":"https:\/\/mrsalts.com\/obtenir-un-devis\/"},"modified":"2026-02-05T12:09:04","modified_gmt":"2026-02-05T12:09:04","slug":"obtenir-un-devis","status":"publish","type":"page","link":"https:\/\/mrsalts.com\/fr\/obtenir-un-devis\/","title":{"rendered":"Obtenir un devis"},"content":{"rendered":"<style>.elementor-2407 .elementor-element.elementor-element-2494183{--display:flex;}.elementor-2407 .elementor-element.elementor-element-250c180{text-align:center;}.elementor-2407 .elementor-element.elementor-element-250c180 img{filter:brightness( 35% ) contrast( 100% ) saturate( 100% ) blur( 0px ) hue-rotate( 0deg );}.elementor-2407 .elementor-element.elementor-element-250c180 .widget-image-caption{text-align:center;color:#FFFFFF;font-family:\"Advent Pro\", Sans-serif;font-size:5rem;}.elementor-2407 .elementor-element.elementor-element-7b8863e{--display:flex;}.elementor-2407 .elementor-element.elementor-element-8c57fe4 .elementor-heading-title{color:var( --e-global-color-primary );}@media(min-width:768px){.elementor-2407 .elementor-element.elementor-element-7b8863e{--content-width:75%;}}@media(max-width:1024px){.elementor-2407 .elementor-element.elementor-element-250c180 .widget-image-caption{font-size:5rem;}}@media(max-width:767px){.elementor-2407 .elementor-element.elementor-element-250c180 .widget-image-caption{font-size:2rem;}}<\/style>\t\t<div data-elementor-type=\"wp-page\" data-elementor-id=\"2407\" class=\"elementor elementor-2407\" data-elementor-settings=\"{&quot;ha_cmc_init_switcher&quot;:&quot;no&quot;}\" data-elementor-post-type=\"page\">\n\t\t\t\t<div class=\"elementor-element elementor-element-2494183 e-flex e-con-boxed e-con e-parent\" data-id=\"2494183\" data-element_type=\"container\" data-e-type=\"container\" data-settings=\"{&quot;_ha_eqh_enable&quot;:false}\">\n\t\t\t\t\t<div class=\"e-con-inner\">\n\t\t\t\t<div class=\"elementor-element elementor-element-250c180 textOverImage elementor-widget elementor-widget-image\" data-id=\"250c180\" data-element_type=\"widget\" data-e-type=\"widget\" data-widget_type=\"image.default\">\n\t\t\t\t<div class=\"elementor-widget-container\">\n\t\t\t\t\t\t\t\t\t\t\t\t<figure class=\"wp-caption\">\n\t\t\t\t\t\t\t\t\t\t<img fetchpriority=\"high\" decoding=\"async\" width=\"2560\" height=\"660\" src=\"https:\/\/mrsalts.com\/wp-content\/uploads\/2023\/11\/quote-banner.webp\" class=\"attachment-full size-full wp-image-115\" alt=\"big bag packing private label low moq sea salt Quality Egyptian product Purity Natural sea salt Sea salt for bath iodized salt\" srcset=\"https:\/\/mrsalts.com\/wp-content\/uploads\/2023\/11\/quote-banner.webp 2560w, https:\/\/mrsalts.com\/wp-content\/uploads\/2023\/11\/quote-banner-300x77.webp 300w, https:\/\/mrsalts.com\/wp-content\/uploads\/2023\/11\/quote-banner-1024x264.webp 1024w, https:\/\/mrsalts.com\/wp-content\/uploads\/2023\/11\/quote-banner-768x198.webp 768w, https:\/\/mrsalts.com\/wp-content\/uploads\/2023\/11\/quote-banner-1536x396.webp 1536w, https:\/\/mrsalts.com\/wp-content\/uploads\/2023\/11\/quote-banner-2048x528.webp 2048w, https:\/\/mrsalts.com\/wp-content\/uploads\/2023\/11\/quote-banner-600x155.webp 600w\" sizes=\"(max-width: 2560px) 100vw, 2560px\" title=\"\">\t\t\t\t\t\t\t\t\t\t\t<figcaption class=\"widget-image-caption wp-caption-text\">Obtenez un devis<\/figcaption>\n\t\t\t\t\t\t\t\t\t\t<\/figure>\n\t\t\t\t\t\t\t\t\t<\/div>\n\t\t\t\t<\/div>\n\t\t\t\t\t<\/div>\n\t\t\t\t<\/div>\n\t\t<div class=\"elementor-element elementor-element-7b8863e e-flex e-con-boxed e-con e-parent\" data-id=\"7b8863e\" data-element_type=\"container\" data-e-type=\"container\" data-settings=\"{&quot;_ha_eqh_enable&quot;:false}\">\n\t\t\t\t\t<div class=\"e-con-inner\">\n\t\t\t\t<div class=\"elementor-element elementor-element-8c57fe4 elementor-widget elementor-widget-heading\" data-id=\"8c57fe4\" data-element_type=\"widget\" data-e-type=\"widget\" data-widget_type=\"heading.default\">\n\t\t\t\t<div class=\"elementor-widget-container\">\n\t\t\t\t\t<h2 class=\"elementor-heading-title elementor-size-default\">B\u00e9n\u00e9ficiez d'une tarification personnalis\u00e9e en envoyant une demande de devis.<\/h2>\t\t\t\t<\/div>\n\t\t\t\t<\/div>\n\t\t\t\t<div class=\"elementor-element elementor-element-24a9d88 elementor-widget elementor-widget-wpforms\" data-id=\"24a9d88\" data-element_type=\"widget\" data-e-type=\"widget\" data-widget_type=\"wpforms.default\">\n\t\t\t\t<div class=\"elementor-widget-container\">\n\t\t\t\t\t<style id=\"wpforms-css-vars-elementor-widget-24a9d88\">\n\t\t\t\t.elementor-widget-wpforms.elementor-element-24a9d88 {\n\t\t\t\t--wpforms-field-size-input-height: 31px;\n--wpforms-field-size-input-spacing: 10px;\n--wpforms-field-size-font-size: 14px;\n--wpforms-field-size-line-height: 17px;\n--wpforms-field-size-padding-h: 9px;\n--wpforms-field-size-checkbox-size: 14px;\n--wpforms-field-size-sublabel-spacing: 5px;\n--wpforms-field-size-icon-size: 0.75;\n\t\t\t}\n\t\t\t<\/style><div class=\"wpforms-container wpforms-container-full wpforms-render-modern\" id=\"wpforms-8299\"><form id=\"wpforms-form-8299\" class=\"wpforms-validate wpforms-form wpforms-ajax-form\" data-formid=\"8299\" method=\"post\" enctype=\"multipart\/form-data\" action=\"\/fr\/wp-json\/wp\/v2\/pages\/2407\" data-token=\"681541b6a4d39b1a643bf0a3bef49c0b\" data-token-time=\"1777472260\"><noscript class=\"wpforms-error-noscript\">Veuillez activer JavaScript dans votre navigateur pour remplir ce formulaire.<\/noscript><div id=\"wpforms-error-noscript\" style=\"display: none;\">Veuillez activer JavaScript dans votre navigateur pour remplir ce formulaire.<\/div><div class=\"wpforms-field-container\">\t\t<div id=\"wpforms-8299-field_5-container\"\n\t\t\tclass=\"wpforms-field wpforms-field-text\"\n\t\t\tdata-field-type=\"text\"\n\t\t\tdata-field-id=\"5\"\n\t\t\t>\n\t\t\t<label class=\"wpforms-field-label\" for=\"wpforms-8299-field_5\" >complet Adresse suppl\u00e9mentaires<\/label>\n\t\t\t<input type=\"text\" id=\"wpforms-8299-field_5\" class=\"wpforms-field-medium\" name=\"wpforms[fields][5]\" >\n\t\t<\/div>\n\t\t<div id=\"wpforms-8299-field_1-container\" class=\"wpforms-field wpforms-field-name\" data-field-id=\"1\"><fieldset><legend class=\"wpforms-field-label\">Nom complet <span class=\"wpforms-required-label\" aria-hidden=\"true\">*<\/span><\/legend><div class=\"wpforms-field-row wpforms-field-medium\"><div class=\"wpforms-field-row-block wpforms-first wpforms-one-half\"><input type=\"text\" id=\"wpforms-8299-field_1\" class=\"wpforms-field-name-first wpforms-field-required\" name=\"wpforms[fields][1][first]\" aria-errormessage=\"wpforms-8299-field_1-error\" required><label for=\"wpforms-8299-field_1\" class=\"wpforms-field-sublabel after\">Pr\u00e9nom<\/label><\/div><div class=\"wpforms-field-row-block wpforms-one-half\"><input type=\"text\" id=\"wpforms-8299-field_1-last\" class=\"wpforms-field-name-last wpforms-field-required\" name=\"wpforms[fields][1][last]\" aria-errormessage=\"wpforms-8299-field_1-last-error\" required><label for=\"wpforms-8299-field_1-last\" class=\"wpforms-field-sublabel after\">Nom<\/label><\/div><\/div><\/fieldset><\/div><div id=\"wpforms-8299-field_2-container\" class=\"wpforms-field wpforms-field-email\" data-field-id=\"2\"><label class=\"wpforms-field-label\" for=\"wpforms-8299-field_2\">Adresse e-mail <span class=\"wpforms-required-label\" aria-hidden=\"true\">*<\/span><\/label><input type=\"email\" id=\"wpforms-8299-field_2\" class=\"wpforms-field-medium wpforms-field-required\" name=\"wpforms[fields][2]\" spellcheck=\"false\" aria-errormessage=\"wpforms-8299-field_2-error\" required><\/div><div id=\"wpforms-8299-field_3-container\" class=\"wpforms-field wpforms-field-number\" data-field-id=\"3\"><label class=\"wpforms-field-label\" for=\"wpforms-8299-field_3\">Num\u00e9ro <span class=\"wpforms-required-label\" aria-hidden=\"true\">*<\/span><\/label><input type=\"number\" id=\"wpforms-8299-field_3\" class=\"wpforms-field-medium wpforms-field-required\" name=\"wpforms[fields][3]\" step=\"any\" aria-errormessage=\"wpforms-8299-field_3-error\" required><\/div><div id=\"wpforms-8299-field_4-container\" class=\"wpforms-field wpforms-field-textarea\" data-field-id=\"4\"><label class=\"wpforms-field-label\" for=\"wpforms-8299-field_4\">Notes suppl\u00e9mentaires<\/label><textarea id=\"wpforms-8299-field_4\" class=\"wpforms-field-medium\" name=\"wpforms[fields][4]\" aria-errormessage=\"wpforms-8299-field_4-error\" ><\/textarea><\/div><script>\n\t\t\t\t( function() {\n\t\t\t\t\tconst style = document.createElement( 'style' );\n\t\t\t\t\tstyle.appendChild( document.createTextNode( '#wpforms-8299-field_5-container { position: absolute !important; overflow: hidden !important; display: inline !important; height: 1px !important; width: 1px !important; z-index: -1000 !important; padding: 0 !important; } #wpforms-8299-field_5-container input { visibility: hidden; } #wpforms-conversational-form-page #wpforms-8299-field_5-container label { counter-increment: none; }' ) );\n\t\t\t\t\tdocument.head.appendChild( style );\n\t\t\t\t\tdocument.currentScript?.remove();\n\t\t\t\t} )();\n\t\t\t<\/script><\/div><!-- .wpforms-field-container --><div class=\"wpforms-recaptcha-container wpforms-is-recaptcha wpforms-is-recaptcha-type-v2\" ><div class=\"g-recaptcha\" data-sitekey=\"6Le2MvEqAAAAALNnQru8fSj5BxmHW-pvfKIgpZzj\"><\/div><input type=\"text\" name=\"g-recaptcha-hidden\" class=\"wpforms-recaptcha-hidden\" style=\"position:absolute!important;clip:rect(0,0,0,0)!important;height:1px!important;width:1px!important;border:0!important;overflow:hidden!important;padding:0!important;margin:0!important;\" data-rule-recaptcha=\"1\"><\/div><div class=\"wpforms-submit-container\" ><input type=\"hidden\" name=\"wpforms[id]\" value=\"8299\"><input type=\"hidden\" name=\"page_title\" value=\"\"><input type=\"hidden\" name=\"page_url\" value=\"https:\/\/mrsalts.com\/fr\/wp-json\/wp\/v2\/pages\/2407\"><input type=\"hidden\" name=\"url_referer\" value=\"\"><button type=\"submit\" name=\"wpforms[submit]\" id=\"wpforms-submit-8299\" class=\"wpforms-submit\" data-alt-text=\"Sending...\" data-submit-text=\"Envoyer\" aria-live=\"assertive\" value=\"wpforms-submit\">Envoyer<\/button><img decoding=\"async\" src=\"https:\/\/mrsalts.com\/wp-content\/plugins\/wpforms-lite\/assets\/images\/submit-spin.svg\" class=\"wpforms-submit-spinner\" style=\"display: none;\" width=\"26\" height=\"26\" alt=\"Chargement en cours\" title=\"\"><\/div><\/form><\/div>  <!-- .wpforms-container -->\t\t\t\t<\/div>\n\t\t\t\t<\/div>\n\t\t\t\t\t<\/div>\n\t\t\t\t<\/div>\n\t\t\t\t<\/div>\n\t\t","protected":false},"excerpt":{"rendered":"<p>Obtenez un devis B\u00e9n\u00e9ficiez d&rsquo;une tarification personnalis\u00e9e en envoyant une demande de devis. Please enable JavaScript in your browser to complete this form.Please enable JavaScript in your browser to complete this form. Nom complet * FirstLast Adresse e-mail *Num\u00e9ro *Notes suppl\u00e9mentaires Envoyer<\/p>\n","protected":false},"author":1,"featured_media":0,"parent":0,"menu_order":0,"comment_status":"closed","ping_status":"closed","template":"page-templates\/template-pagebuilder-full-width.php","meta":{"neve_meta_sidebar":"","neve_meta_container":"","neve_meta_enable_content_width":"","neve_meta_content_width":0,"neve_meta_title_alignment":"","neve_meta_author_avatar":"","neve_post_elements_order":"","neve_meta_disable_header":"","neve_meta_disable_footer":"","neve_meta_disable_title":"","footnotes":""},"class_list":["post-2407","page","type-page","status-publish","hentry"],"_links":{"self":[{"href":"https:\/\/mrsalts.com\/fr\/wp-json\/wp\/v2\/pages\/2407","targetHints":{"allow":["GET"]}}],"collection":[{"href":"https:\/\/mrsalts.com\/fr\/wp-json\/wp\/v2\/pages"}],"about":[{"href":"https:\/\/mrsalts.com\/fr\/wp-json\/wp\/v2\/types\/page"}],"author":[{"embeddable":true,"href":"https:\/\/mrsalts.com\/fr\/wp-json\/wp\/v2\/users\/1"}],"replies":[{"embeddable":true,"href":"https:\/\/mrsalts.com\/fr\/wp-json\/wp\/v2\/comments?post=2407"}],"version-history":[{"count":62,"href":"https:\/\/mrsalts.com\/fr\/wp-json\/wp\/v2\/pages\/2407\/revisions"}],"predecessor-version":[{"id":9706,"href":"https:\/\/mrsalts.com\/fr\/wp-json\/wp\/v2\/pages\/2407\/revisions\/9706"}],"wp:attachment":[{"href":"https:\/\/mrsalts.com\/fr\/wp-json\/wp\/v2\/media?parent=2407"}],"curies":[{"name":"wp","href":"https:\/\/api.w.org\/{rel}","templated":true}]}}