{"id":2491,"date":"2024-09-09T11:26:30","date_gmt":"2024-09-09T11:26:30","guid":{"rendered":"https:\/\/mrsalts.com\/?page_id=2491"},"modified":"2026-01-08T15:25:57","modified_gmt":"2026-01-08T15:25:57","slug":"politique-de-confidentialite","status":"publish","type":"page","link":"https:\/\/mrsalts.com\/fr\/politique-de-remboursement-et-de-retour\/politique-de-confidentialite\/","title":{"rendered":"Politique de Confidentialit\u00e9"},"content":{"rendered":"<style>.elementor-2491 .elementor-element.elementor-element-ed5a0a1{--display:flex;--flex-direction:column;--container-widget-width:100%;--container-widget-height:initial;--container-widget-flex-grow:0;--container-widget-align-self:initial;--flex-wrap-mobile:wrap;}<\/style>\t\t<div data-elementor-type=\"wp-page\" data-elementor-id=\"2491\" class=\"elementor elementor-2491\" data-elementor-settings=\"{&quot;ha_cmc_init_switcher&quot;:&quot;no&quot;}\" data-elementor-post-type=\"page\">\n\t\t\t\t<div class=\"elementor-element elementor-element-ed5a0a1 e-flex e-con-boxed e-con e-parent\" data-id=\"ed5a0a1\" data-element_type=\"container\" data-e-type=\"container\" data-settings=\"{&quot;_ha_eqh_enable&quot;:false}\">\n\t\t\t\t\t<div class=\"e-con-inner\">\n\t\t\t\t<div class=\"elementor-element elementor-element-56e623a elementor-widget elementor-widget-text-editor\" data-id=\"56e623a\" data-element_type=\"widget\" data-e-type=\"widget\" data-widget_type=\"text-editor.default\">\n\t\t\t\t<div class=\"elementor-widget-container\">\n\t\t\t\t\t\t\t\t\t<h1 style=\"text-align: center;\" data-path-to-node=\"2\">Politique de Confidentialit\u00e9 de Mr. Salt<\/h1><p data-path-to-node=\"3\">Chez <b data-path-to-node=\"3\" data-index-in-node=\"5\">Mr. Salt<\/b>, accessible via <a href=\"mailto:info@mrsalts.com\"><b data-path-to-node=\"3\" data-index-in-node=\"30\">info@mrsalts.com<\/b><\/a>, l&rsquo;une de nos priorit\u00e9s absolues est la confidentialit\u00e9 de nos visiteurs. Ce document de politique de confidentialit\u00e9 d\u00e9taille les types d&rsquo;informations collect\u00e9es et enregistr\u00e9es par Mr. Salt, ainsi que la mani\u00e8re dont nous les utilisons.<\/p><p data-path-to-node=\"4\">Si vous avez des questions suppl\u00e9mentaires ou souhaitez obtenir plus d&rsquo;informations sur notre politique de confidentialit\u00e9, n&rsquo;h\u00e9sitez pas \u00e0 nous contacter \u00e0 l&rsquo;adresse : <a href=\"mailto:info@mrsalts.com\"><b data-path-to-node=\"4\" data-index-in-node=\"169\">info@mrsalts.com<\/b><\/a>.<\/p><hr data-path-to-node=\"5\" \/><h3 data-path-to-node=\"6\">R\u00e8glement G\u00e9n\u00e9ral sur la Protection des Donn\u00e9es (RGPD)<\/h3><p data-path-to-node=\"7\">Nous agissons en tant que <b data-path-to-node=\"7\" data-index-in-node=\"26\">Responsable du Traitement<\/b> de vos informations. La base juridique de Mr. Salt pour collecter et utiliser les informations personnelles d\u00e9crites dans cette politique d\u00e9pend des donn\u00e9es collect\u00e9es et du contexte sp\u00e9cifique :<\/p><ul data-path-to-node=\"8\"><li><p data-path-to-node=\"8,0,0\"><b data-path-to-node=\"8,0,0\" data-index-in-node=\"0\">Mr. Salt<\/b> doit ex\u00e9cuter un contrat avec vous (relatif \u00e0 nos produits de sel).<\/p><\/li><li><p data-path-to-node=\"8,1,0\">Vous avez donn\u00e9 \u00e0 <b data-path-to-node=\"8,1,0\" data-index-in-node=\"18\">Mr. Salt<\/b> l&rsquo;autorisation de le faire.<\/p><\/li><li><p data-path-to-node=\"8,2,0\">Le traitement de vos informations rel\u00e8ve des int\u00e9r\u00eats l\u00e9gitimes de <b data-path-to-node=\"8,2,0\" data-index-in-node=\"67\">Mr. Salt<\/b>.<\/p><\/li><li><p data-path-to-node=\"8,3,0\"><b data-path-to-node=\"8,3,0\" data-index-in-node=\"0\">Mr. Salt<\/b> doit se conformer \u00e0 la loi.<\/p><\/li><\/ul><p data-path-to-node=\"9\"><b data-path-to-node=\"9\" data-index-in-node=\"0\">Mr. Salt<\/b> ne conservera vos informations personnelles que pendant la dur\u00e9e n\u00e9cessaire aux fins \u00e9nonc\u00e9es dans la pr\u00e9sente politique. Nous conserverons et utiliserons vos informations dans la mesure n\u00e9cessaire pour respecter nos obligations l\u00e9gales, r\u00e9soudre les litiges et appliquer nos politiques.<\/p><p data-path-to-node=\"10\">Si vous r\u00e9sidez dans l&rsquo;<b data-path-to-node=\"10\" data-index-in-node=\"23\">Espace \u00c9conomique Europ\u00e9en (EEE)<\/b>, vous disposez de certains droits en mati\u00e8re de protection des donn\u00e9es. Si vous souhaitez \u00eatre inform\u00e9 des informations personnelles que nous d\u00e9tenons \u00e0 votre sujet ou si vous voulez qu&rsquo;elles soient supprim\u00e9es de nos syst\u00e8mes, veuillez nous contacter. Vous disposez des droits suivants :<\/p><ul data-path-to-node=\"11\"><li><p data-path-to-node=\"11,0,0\">Le droit d&rsquo;acc\u00e9der, de mettre \u00e0 jour ou de supprimer les informations que nous d\u00e9tenons sur vous.<\/p><\/li><li><p data-path-to-node=\"11,1,0\">Le droit de rectification.<\/p><\/li><li><p data-path-to-node=\"11,2,0\">Le droit d&rsquo;opposition.<\/p><\/li><li><p data-path-to-node=\"11,3,0\">Le droit de limitation du traitement.<\/p><\/li><li><p data-path-to-node=\"11,4,0\">Le droit \u00e0 la portabilit\u00e9 des donn\u00e9es.<\/p><\/li><li><p data-path-to-node=\"11,5,0\">Le droit de retirer votre consentement.<\/p><\/li><\/ul><hr data-path-to-node=\"12\" \/><h3 data-path-to-node=\"13\">Fichiers Journal (Log Files)<\/h3><p data-path-to-node=\"14\"><b data-path-to-node=\"14\" data-index-in-node=\"0\">Mr. Salt<\/b> suit une proc\u00e9dure standard d&rsquo;utilisation de fichiers journaux. Ces fichiers enregistrent les visiteurs lorsqu&rsquo;ils visitent des sites web. Toutes les entreprises d&rsquo;h\u00e9bergement le font dans le cadre de leurs services d&rsquo;analyse. Les informations collect\u00e9es comprennent : les adresses IP, le type de navigateur, le fournisseur d&rsquo;acc\u00e8s Internet (FAI), la date et l&rsquo;heure, les pages de r\u00e9f\u00e9rence\/sortie, et \u00e9ventuellement le nombre de clics. Ces donn\u00e9es ne sont li\u00e9es \u00e0 aucune information personnellement identifiable.<\/p><p data-path-to-node=\"15\">Le but de ces informations est d&rsquo;analyser les tendances, d&rsquo;administrer le site, de suivre les mouvements des utilisateurs sur le site et de recueillir des informations d\u00e9mographiques concernant notre commerce de sel.<\/p><hr data-path-to-node=\"16\" \/><h3 data-path-to-node=\"17\">Cookies et Balises Web<\/h3><p data-path-to-node=\"18\">Comme tout autre site web, <b data-path-to-node=\"18\" data-index-in-node=\"27\">Mr. Salt<\/b> utilise des \u00ab cookies \u00bb. Ces cookies sont utilis\u00e9s pour stocker des informations, notamment les pr\u00e9f\u00e9rences des visiteurs et les pages du site auxquelles le visiteur a acc\u00e9d\u00e9. Ces informations sont utilis\u00e9es pour optimiser l&rsquo;exp\u00e9rience utilisateur en personnalisant le contenu de nos pages web en fonction du type de navigateur du visiteur et\/ou d&rsquo;autres informations.<\/p><hr data-path-to-node=\"19\" \/><h3 data-path-to-node=\"20\">Politiques de Confidentialit\u00e9 des Tiers<\/h3><p data-path-to-node=\"21\">Vous pouvez consulter cette liste pour trouver la politique de confidentialit\u00e9 de chacun des partenaires publicitaires de <b data-path-to-node=\"21\" data-index-in-node=\"122\">Mr. Salt<\/b>. Les serveurs publicitaires ou r\u00e9seaux publicitaires tiers utilisent des technologies telles que les cookies, le JavaScript ou les balises Web qui sont utilis\u00e9es dans leurs publicit\u00e9s respectives et les liens apparaissant sur <b data-path-to-node=\"21\" data-index-in-node=\"357\">Mr. Salt<\/b>, lesquels sont envoy\u00e9s directement au navigateur de l&rsquo;utilisateur.<\/p><p data-path-to-node=\"22\"><span class=\"citation-866 citation-end-866\">Ils re\u00e7oivent automatiquement votre adresse IP lorsque cela se produit. Ces technologies sont utilis\u00e9es pour mesurer l&rsquo;efficacit\u00e9 de leurs campagnes publicitaires et\/ou pour personnaliser le contenu publicitaire que vous voyez sur les sit<\/span>es que vous visitez. Notez que <b data-path-to-node=\"22\" data-index-in-node=\"269\">Mr. Salt<\/b> n&rsquo;a aucun acc\u00e8s ni contr\u00f4le sur ces cookies utilis\u00e9s par des annonceurs tiers.<\/p><div class=\"source-inline-chip-container ng-star-inserted\">\u00a0<\/div><p data-path-to-node=\"23\">La politique de confidentialit\u00e9 de <b data-path-to-node=\"23\" data-index-in-node=\"35\">Mr. Salt<\/b> ne s&rsquo;applique pas aux autres annonceurs ou sites web. Nous vous conseillons donc de consulter les politiques de confidentialit\u00e9 respectives de ces tiers pour obtenir des informations plus d\u00e9taill\u00e9es.<\/p><hr data-path-to-node=\"24\" \/><h3 data-path-to-node=\"25\">Politique de Confidentialit\u00e9 en Ligne Uniquement<\/h3><p data-path-to-node=\"26\">Cette politique s&rsquo;applique uniquement \u00e0 nos activit\u00e9s en ligne et est valable pour les visiteurs de notre site web concernant les informations qu&rsquo;ils partagent et\/ou collectent sur <b data-path-to-node=\"26\" data-index-in-node=\"181\">Mr. Salt<\/b>. Elle ne s&rsquo;applique pas aux informations collect\u00e9es hors ligne ou via des canaux autres que ce site web.<\/p><hr data-path-to-node=\"27\" \/><h3 data-path-to-node=\"28\">Consentement<\/h3><p data-path-to-node=\"29\">En utilisant notre site web, vous consentez par la pr\u00e9sente \u00e0 notre politique de confidentialit\u00e9 et acceptez ses conditions.<\/p>\t\t\t\t\t\t\t\t<\/div>\n\t\t\t\t<\/div>\n\t\t\t\t\t<\/div>\n\t\t\t\t<\/div>\n\t\t\t\t<\/div>\n\t\t","protected":false},"excerpt":{"rendered":"<p>Politique de Confidentialit\u00e9 de Mr. Salt Chez Mr. Salt, accessible via info@mrsalts.com, l&rsquo;une de nos priorit\u00e9s absolues est la confidentialit\u00e9 de nos visiteurs. Ce document de politique de confidentialit\u00e9 d\u00e9taille les types d&rsquo;informations collect\u00e9es et enregistr\u00e9es par Mr. Salt, ainsi que la mani\u00e8re dont nous les utilisons. Si vous avez des questions suppl\u00e9mentaires ou souhaitez&hellip;&nbsp;<a href=\"https:\/\/mrsalts.com\/fr\/politique-de-remboursement-et-de-retour\/politique-de-confidentialite\/\" rel=\"bookmark\">Lire la suite &raquo;<span class=\"screen-reader-text\">Politique de Confidentialit\u00e9<\/span><\/a><\/p>\n","protected":false},"author":2,"featured_media":0,"parent":2328,"menu_order":0,"comment_status":"closed","ping_status":"closed","template":"","meta":{"neve_meta_sidebar":"","neve_meta_container":"","neve_meta_enable_content_width":"","neve_meta_content_width":0,"neve_meta_title_alignment":"","neve_meta_author_avatar":"","neve_post_elements_order":"","neve_meta_disable_header":"","neve_meta_disable_footer":"","neve_meta_disable_title":"","footnotes":""},"class_list":["post-2491","page","type-page","status-publish","hentry"],"_links":{"self":[{"href":"https:\/\/mrsalts.com\/fr\/wp-json\/wp\/v2\/pages\/2491","targetHints":{"allow":["GET"]}}],"collection":[{"href":"https:\/\/mrsalts.com\/fr\/wp-json\/wp\/v2\/pages"}],"about":[{"href":"https:\/\/mrsalts.com\/fr\/wp-json\/wp\/v2\/types\/page"}],"author":[{"embeddable":true,"href":"https:\/\/mrsalts.com\/fr\/wp-json\/wp\/v2\/users\/2"}],"replies":[{"embeddable":true,"href":"https:\/\/mrsalts.com\/fr\/wp-json\/wp\/v2\/comments?post=2491"}],"version-history":[{"count":32,"href":"https:\/\/mrsalts.com\/fr\/wp-json\/wp\/v2\/pages\/2491\/revisions"}],"predecessor-version":[{"id":8930,"href":"https:\/\/mrsalts.com\/fr\/wp-json\/wp\/v2\/pages\/2491\/revisions\/8930"}],"up":[{"embeddable":true,"href":"https:\/\/mrsalts.com\/fr\/wp-json\/wp\/v2\/pages\/2328"}],"wp:attachment":[{"href":"https:\/\/mrsalts.com\/fr\/wp-json\/wp\/v2\/media?parent=2491"}],"curies":[{"name":"wp","href":"https:\/\/api.w.org\/{rel}","templated":true}]}}